{"id":109,"date":"2026-03-18T19:48:26","date_gmt":"2026-03-18T19:48:26","guid":{"rendered":"https:\/\/spurgeon.ar\/afiliados\/?page_id=109"},"modified":"2026-04-01T21:14:17","modified_gmt":"2026-04-01T21:14:17","slug":"cursos-promocionables","status":"publish","type":"page","link":"https:\/\/spurgeon.ar\/afiliados\/cursos-promocionables\/","title":{"rendered":"Cursos promocionables"},"content":{"rendered":"\n<div class=\"wp-block-group alignfull is-layout-flow wp-block-group-is-layout-flow\">\n<div class=\"wp-block-group is-layout-flow wp-block-group-is-layout-flow\">\n<div class=\"wp-block-group alignfull has-global-padding is-layout-constrained wp-container-core-group-is-layout-0e61fcb4 wp-block-group-is-layout-constrained\" style=\"margin-top:0;margin-bottom:0;padding-top:var(--wp--preset--spacing--superbspacing-xxlarge);padding-right:var(--wp--preset--spacing--superbspacing-medium);padding-bottom:var(--wp--preset--spacing--superbspacing-xxlarge);padding-left:var(--wp--preset--spacing--superbspacing-medium)\">\n<div class=\"wp-block-group alignwide is-layout-flow wp-container-core-group-is-layout-1daf4bdd wp-block-group-is-layout-flow\" style=\"margin-top:0;margin-bottom:var(--wp--preset--spacing--superbspacing-large);padding-top:0;padding-right:0;padding-bottom:0;padding-left:0\">\n<figure class=\"wp-block-image aligncenter size-large has-custom-border is-style-default\"><img loading=\"lazy\" decoding=\"async\" width=\"1024\" height=\"572\" src=\"https:\/\/spurgeon.ar\/afiliados\/wp-content\/uploads\/2026\/03\/spurgeon-promueve-1024x572.png\" alt=\"\" class=\"wp-image-112\" style=\"border-radius:20px\" srcset=\"https:\/\/spurgeon.ar\/afiliados\/wp-content\/uploads\/2026\/03\/spurgeon-promueve-1024x572.png 1024w, https:\/\/spurgeon.ar\/afiliados\/wp-content\/uploads\/2026\/03\/spurgeon-promueve-300x167.png 300w, https:\/\/spurgeon.ar\/afiliados\/wp-content\/uploads\/2026\/03\/spurgeon-promueve-768x429.png 768w, https:\/\/spurgeon.ar\/afiliados\/wp-content\/uploads\/2026\/03\/spurgeon-promueve-1536x857.png 1536w, https:\/\/spurgeon.ar\/afiliados\/wp-content\/uploads\/2026\/03\/spurgeon-promueve-2048x1143.png 2048w\" sizes=\"auto, (max-width: 1024px) 100vw, 1024px\" \/><\/figure>\n<\/div>\n\n\n\n<div class=\"wp-block-group has-global-padding is-layout-constrained wp-container-core-group-is-layout-f18e8693 wp-block-group-is-layout-constrained\" style=\"margin-top:0;margin-bottom:0;padding-top:0;padding-right:0;padding-bottom:0;padding-left:0\">\n<div class=\"wp-block-group is-vertical is-content-justification-center is-layout-flex wp-container-core-group-is-layout-2f3f8f86 wp-block-group-is-layout-flex\">\n<h2 class=\"wp-block-heading has-text-align-center has-primary-color has-text-color has-superbfont-xxsmall-font-size\" style=\"font-style:normal;font-weight:700;letter-spacing:5px;text-transform:uppercase\">afiliate a hotmart<\/h2>\n\n\n\n<h2 class=\"wp-block-heading has-text-align-center has-superbfont-xlarge-font-size\"><strong>\u00a1Ya pod\u00e9s empezar a recomendar estos tres cursos en tu red de contactos!<\/strong> \ud83d\ude80<\/h2>\n\n\n\n<p class=\"has-text-align-center has-secondary-color has-text-color has-superbfont-medium-font-size\">Para que tu trabajo sea m\u00e1s efectivo, configuramos una cookie de 180 d\u00edas. Esto significa que si un usuario hace clic en tu enlace de afiliado y realiza la compra en cualquier momento dentro de los pr\u00f3ximos 6 meses, la comisi\u00f3n ser\u00e1 tuya autom\u00e1ticamente.<\/p>\n\n\n\n<p class=\"has-text-align-center has-secondary-color has-text-color has-superbfont-medium-font-size\">Es una oportunidad excelente para generar ingresos a largo plazo, asegur\u00e1ndote de que tu recomendaci\u00f3n sea recompensada incluso si el alumno decide comprar tiempo despu\u00e9s..<\/p>\n<\/div>\n\n\n\n<div class=\"wp-block-buttons is-content-justification-center is-layout-flex wp-container-core-buttons-is-layout-195c0355 wp-block-buttons-is-layout-flex\">\n<div class=\"wp-block-button is-style-outline is-style-outline--1\"><a class=\"wp-block-button__link has-superbfont-small-font-size has-custom-font-size wp-element-button\" href=\"https:\/\/affiliate.hotmart.com\/affiliate-recruiting\/view\/5818D104837506\" target=\"_blank\" rel=\"noreferrer noopener\">\ud83d\udce3 Diplomatura en Teolog\u00eda Sistem\u00e1tica<\/a><\/div>\n\n\n\n<div class=\"wp-block-button is-style-outline is-style-outline--2\"><a class=\"wp-block-button__link has-superbfont-small-font-size has-custom-font-size wp-element-button\" href=\"https:\/\/affiliate.hotmart.com\/affiliate-recruiting\/view\/9311C104936230\" target=\"_blank\" rel=\"noreferrer noopener\">\ud83d\udce3 Certificaci\u00f3n en Bibliolog\u00eda<\/a><\/div>\n\n\n\n<div class=\"wp-block-button is-style-outline is-style-outline--3\"><a class=\"wp-block-button__link has-superbfont-small-font-size has-custom-font-size wp-element-button\" href=\"https:\/\/affiliate.hotmart.com\/affiliate-recruiting\/view\/4586C105111685\" target=\"_blank\" rel=\"noreferrer noopener\">\ud83d\udce3 C\u00f3mo Estudiar la Biblia Inductivamente<\/a><\/div>\n<\/div>\n<\/div>\n<\/div>\n<\/div>\n<\/div>\n","protected":false},"excerpt":{"rendered":"<p>afiliate a hotmart \u00a1Ya pod\u00e9s empezar a recomendar estos tres cursos en tu red de contactos! \ud83d\ude80 Para que tu trabajo sea m\u00e1s efectivo, configuramos una cookie de 180 d\u00edas. Esto significa que si un usuario hace clic en tu enlace de afiliado y realiza la compra en cualquier momento dentro de los pr\u00f3ximos 6 [&hellip;]<\/p>\n","protected":false},"author":1,"featured_media":0,"parent":0,"menu_order":0,"comment_status":"closed","ping_status":"closed","template":"superbaddons-page-template","meta":{"footnotes":""},"class_list":["post-109","page","type-page","status-publish","hentry"],"_hostinger_reach_plugin_has_subscription_block":false,"_hostinger_reach_plugin_is_elementor":false,"_links":{"self":[{"href":"https:\/\/spurgeon.ar\/afiliados\/wp-json\/wp\/v2\/pages\/109","targetHints":{"allow":["GET"]}}],"collection":[{"href":"https:\/\/spurgeon.ar\/afiliados\/wp-json\/wp\/v2\/pages"}],"about":[{"href":"https:\/\/spurgeon.ar\/afiliados\/wp-json\/wp\/v2\/types\/page"}],"author":[{"embeddable":true,"href":"https:\/\/spurgeon.ar\/afiliados\/wp-json\/wp\/v2\/users\/1"}],"replies":[{"embeddable":true,"href":"https:\/\/spurgeon.ar\/afiliados\/wp-json\/wp\/v2\/comments?post=109"}],"version-history":[{"count":6,"href":"https:\/\/spurgeon.ar\/afiliados\/wp-json\/wp\/v2\/pages\/109\/revisions"}],"predecessor-version":[{"id":123,"href":"https:\/\/spurgeon.ar\/afiliados\/wp-json\/wp\/v2\/pages\/109\/revisions\/123"}],"wp:attachment":[{"href":"https:\/\/spurgeon.ar\/afiliados\/wp-json\/wp\/v2\/media?parent=109"}],"curies":[{"name":"wp","href":"https:\/\/api.w.org\/{rel}","templated":true}]}}